{"id":14,"date":"2017-10-25T15:20:57","date_gmt":"2017-10-25T13:20:57","guid":{"rendered":"http:\/\/fysioterapiholte.dk\/?page_id=14"},"modified":"2023-08-17T08:19:57","modified_gmt":"2023-08-17T06:19:57","slug":"holdtraening","status":"publish","type":"page","link":"https:\/\/fysioterapiholte.dk\/?page_id=14","title":{"rendered":"Holdtr\u00e6ning"},"content":{"rendered":"<p>Vi har holdtr\u00e6ning gennem <a href=\"https:\/\/www.gigtskolen.dk\">gigtskolen<\/a>\u00a0disse hold er oprettet til de som har brug for lidt hensynstagende tr\u00e6ning. Efter aftale kan man komme til en gratis pr\u00f8vetime.<\/p>\n<p>Foresp\u00f8rg gerne hvis du s\u00f8ger tr\u00e6ning. Vi har m\u00e5ske mulighed for at oprettet noget nyt eller henvise dig til nogen af vores relevante samarbejdspartnere.<\/p>\n<p>Vi har denne s\u00e6son hold:<\/p>\n<p>P\u00e5 klinikken:<\/p>\n<ul>\n<li>Tirsdag kl. 12.00 &#8211; 13.00<\/li>\n<li>Torsdag kl. 12.00 &#8211; 13.00<\/li>\n<\/ul>\n","protected":false},"excerpt":{"rendered":"<p>Vi har holdtr\u00e6ning gennem gigtskolen\u00a0disse hold er oprettet til de som har brug for lidt hensynstagende tr\u00e6ning. Efter aftale kan man komme til en gratis pr\u00f8vetime. Foresp\u00f8rg gerne hvis du &#8230;<\/p>\n","protected":false},"author":1,"featured_media":0,"parent":0,"menu_order":0,"comment_status":"closed","ping_status":"open","template":"","meta":{"footnotes":""},"class_list":["post-14","page","type-page","status-publish","hentry"],"_links":{"self":[{"href":"https:\/\/fysioterapiholte.dk\/index.php?rest_route=\/wp\/v2\/pages\/14","targetHints":{"allow":["GET"]}}],"collection":[{"href":"https:\/\/fysioterapiholte.dk\/index.php?rest_route=\/wp\/v2\/pages"}],"about":[{"href":"https:\/\/fysioterapiholte.dk\/index.php?rest_route=\/wp\/v2\/types\/page"}],"author":[{"embeddable":true,"href":"https:\/\/fysioterapiholte.dk\/index.php?rest_route=\/wp\/v2\/users\/1"}],"replies":[{"embeddable":true,"href":"https:\/\/fysioterapiholte.dk\/index.php?rest_route=%2Fwp%2Fv2%2Fcomments&post=14"}],"version-history":[{"count":5,"href":"https:\/\/fysioterapiholte.dk\/index.php?rest_route=\/wp\/v2\/pages\/14\/revisions"}],"predecessor-version":[{"id":261,"href":"https:\/\/fysioterapiholte.dk\/index.php?rest_route=\/wp\/v2\/pages\/14\/revisions\/261"}],"wp:attachment":[{"href":"https:\/\/fysioterapiholte.dk\/index.php?rest_route=%2Fwp%2Fv2%2Fmedia&parent=14"}],"curies":[{"name":"wp","href":"https:\/\/api.w.org\/{rel}","templated":true}]}}