{"id":16,"date":"2017-10-25T15:20:57","date_gmt":"2017-10-25T13:20:57","guid":{"rendered":"http:\/\/fysioterapiholte.dk\/?page_id=16"},"modified":"2024-11-04T08:57:24","modified_gmt":"2024-11-04T07:57:24","slug":"praktisk-info","status":"publish","type":"page","link":"https:\/\/fysioterapiholte.dk\/?page_id=16","title":{"rendered":"Praktisk info"},"content":{"rendered":"<p>Husk:<\/p>\n<p>Medbring dit gule sygesikringsbevis<\/p>\n<p>Medbring venligst et lagen eller et stort h\u00e5ndkl\u00e6de til at ligge p\u00e5 til hver behandling. (Et lagen kan lejes for 25 kr. pr. gang. )<\/p>\n<p>Eventuelle afbud skal meldes i s\u00e5 god tid s\u00e5 muligt, men senest kl. 08.30 p\u00e5 behandlingsdagen ellers tages opkr\u00e6vning i forhold til regions fastlagte takst.<\/p>\n<p>&nbsp;<\/p>\n<p>Informer os om du er:<\/p>\n<ul>\n<li>medlem af \u00a0<img loading=\"lazy\" decoding=\"async\" class=\"alignnone size-medium\" style=\"font-size: 1rem;\" src=\"https:\/\/www.sygeforsikring.dk\/themes\/custom\/sygefdk\/logo.svg\" width=\"169\" height=\"59\" \/><\/li>\n<li>henvist af sundhedsordning (se under sundhedsordninger)<\/li>\n<li>bevilliget helbredskort fra kommunen<\/li>\n<\/ul>\n<p>&nbsp;<\/p>\n<p>Vi vil altid gerne h\u00f8re fra dig hvis der er noget med klinikken eller personalet du ikke har v\u00e6ret helt tilfreds med.<\/p>\n<p>Men hvis du i forbindelse med din kontakt med klinikken oplever en utilsigtede h\u00e6ndelse kan du indrapportere den p\u00e5 Styrelsen for Patientsikkerheds <a href=\"https:\/\/stps.dk\/borger-og-patient\/rettigheder-som-patient\/hvis-noget-er-gaaet-galt\/utilsigtede-haendelser\">hjemmeside<\/a>.<\/p>\n<p>Der kan desuden klages hos Styrelsen for Patientklager <a href=\"https:\/\/stpk.dk\">her<\/a>.<\/p>\n","protected":false},"excerpt":{"rendered":"<p>Husk: Medbring dit gule sygesikringsbevis Medbring venligst et lagen eller et stort h\u00e5ndkl\u00e6de til at ligge p\u00e5 til hver behandling. (Et lagen kan lejes for 25 kr. pr. gang. ) &#8230;<\/p>\n","protected":false},"author":1,"featured_media":0,"parent":0,"menu_order":0,"comment_status":"closed","ping_status":"closed","template":"","meta":{"footnotes":""},"class_list":["post-16","page","type-page","status-publish","hentry"],"_links":{"self":[{"href":"https:\/\/fysioterapiholte.dk\/index.php?rest_route=\/wp\/v2\/pages\/16","targetHints":{"allow":["GET"]}}],"collection":[{"href":"https:\/\/fysioterapiholte.dk\/index.php?rest_route=\/wp\/v2\/pages"}],"about":[{"href":"https:\/\/fysioterapiholte.dk\/index.php?rest_route=\/wp\/v2\/types\/page"}],"author":[{"embeddable":true,"href":"https:\/\/fysioterapiholte.dk\/index.php?rest_route=\/wp\/v2\/users\/1"}],"replies":[{"embeddable":true,"href":"https:\/\/fysioterapiholte.dk\/index.php?rest_route=%2Fwp%2Fv2%2Fcomments&post=16"}],"version-history":[{"count":13,"href":"https:\/\/fysioterapiholte.dk\/index.php?rest_route=\/wp\/v2\/pages\/16\/revisions"}],"predecessor-version":[{"id":285,"href":"https:\/\/fysioterapiholte.dk\/index.php?rest_route=\/wp\/v2\/pages\/16\/revisions\/285"}],"wp:attachment":[{"href":"https:\/\/fysioterapiholte.dk\/index.php?rest_route=%2Fwp%2Fv2%2Fmedia&parent=16"}],"curies":[{"name":"wp","href":"https:\/\/api.w.org\/{rel}","templated":true}]}}