{"id":2,"date":"2017-10-05T12:46:04","date_gmt":"2017-10-05T10:46:04","guid":{"rendered":"http:\/\/fysioterapiholte.dk\/?page_id=2"},"modified":"2024-11-04T09:42:22","modified_gmt":"2024-11-04T08:42:22","slug":"eksempel-side","status":"publish","type":"page","link":"https:\/\/fysioterapiholte.dk\/","title":{"rendered":"Velkommen til Fysioterapi i Holte"},"content":{"rendered":"<p><img loading=\"lazy\" decoding=\"async\" class=\"alignnone size-medium wp-image-84\" src=\"http:\/\/fysioterapiholte.dk\/wp-content\/uploads\/2018\/06\/fysIMG_3134-300x225.jpg\" alt=\"\" width=\"300\" height=\"225\" srcset=\"https:\/\/fysioterapiholte.dk\/wp-content\/uploads\/2018\/06\/fysIMG_3134-300x225.jpg 300w, https:\/\/fysioterapiholte.dk\/wp-content\/uploads\/2018\/06\/fysIMG_3134-768x576.jpg 768w, https:\/\/fysioterapiholte.dk\/wp-content\/uploads\/2018\/06\/fysIMG_3134-1024x768.jpg 1024w, https:\/\/fysioterapiholte.dk\/wp-content\/uploads\/2018\/06\/fysIMG_3134.jpg 1440w\" sizes=\"auto, (max-width: 300px) 100vw, 300px\" \/><\/p>\n<p>K\u00e6re bes\u00f8gende,<\/p>\n<p>Vi behandler mange forskellige gener og diagnoser og g\u00f8r meget ud af at lave et individuelt behandlingforl\u00f8b.<\/p>\n<p>Vi l\u00e6gger v\u00e6gt p\u00e5 den manuelle del af behandlingen, mens du er hos os og sender dig hjem med \u00f8velser og vejledning.<\/p>\n<p>Vi har overenskomst med sygesygesikringen, hvilket betyder at du f\u00e5r tilskud fra det offentlige til behandling med henvisning fra l\u00e6gen. Du er selvf\u00f8lgelig ogs\u00e5 velkommen uden l\u00e6gehenvisning.<\/p>\n<p>I begge tilf\u00e6lde ydes der tilskud som medlem af Sygeforsikringen Danmark.<\/p>\n<p>Klinikken ligger i kort afstand fra Holte Midtpunkt og Holte station.<\/p>\n<p>&nbsp;<\/p>\n<p>Vi gl\u00e6der os til at se dig p\u00e5 klinikken.<\/p>\n<p>Med venlig hilsen<\/p>\n<p>Kari og Melissa<\/p>\n","protected":false},"excerpt":{"rendered":"<p>K\u00e6re bes\u00f8gende, Vi behandler mange forskellige gener og diagnoser og g\u00f8r meget ud af at lave et individuelt behandlingforl\u00f8b. Vi l\u00e6gger v\u00e6gt p\u00e5 den manuelle del af behandlingen, mens du &#8230;<\/p>\n","protected":false},"author":1,"featured_media":0,"parent":0,"menu_order":0,"comment_status":"closed","ping_status":"open","template":"","meta":{"footnotes":""},"class_list":["post-2","page","type-page","status-publish","hentry"],"_links":{"self":[{"href":"https:\/\/fysioterapiholte.dk\/index.php?rest_route=\/wp\/v2\/pages\/2","targetHints":{"allow":["GET"]}}],"collection":[{"href":"https:\/\/fysioterapiholte.dk\/index.php?rest_route=\/wp\/v2\/pages"}],"about":[{"href":"https:\/\/fysioterapiholte.dk\/index.php?rest_route=\/wp\/v2\/types\/page"}],"author":[{"embeddable":true,"href":"https:\/\/fysioterapiholte.dk\/index.php?rest_route=\/wp\/v2\/users\/1"}],"replies":[{"embeddable":true,"href":"https:\/\/fysioterapiholte.dk\/index.php?rest_route=%2Fwp%2Fv2%2Fcomments&post=2"}],"version-history":[{"count":28,"href":"https:\/\/fysioterapiholte.dk\/index.php?rest_route=\/wp\/v2\/pages\/2\/revisions"}],"predecessor-version":[{"id":290,"href":"https:\/\/fysioterapiholte.dk\/index.php?rest_route=\/wp\/v2\/pages\/2\/revisions\/290"}],"wp:attachment":[{"href":"https:\/\/fysioterapiholte.dk\/index.php?rest_route=%2Fwp%2Fv2%2Fmedia&parent=2"}],"curies":[{"name":"wp","href":"https:\/\/api.w.org\/{rel}","templated":true}]}}