{"id":89,"date":"2018-06-08T15:14:52","date_gmt":"2018-06-08T13:14:52","guid":{"rendered":"http:\/\/fysioterapiholte.dk\/?page_id=89"},"modified":"2024-11-04T09:48:49","modified_gmt":"2024-11-04T08:48:49","slug":"behandlinger","status":"publish","type":"page","link":"https:\/\/fysioterapiholte.dk\/?page_id=89","title":{"rendered":"Behandlinger"},"content":{"rendered":"<p>En behandling og et forl\u00f8b er meget individuelt, det er derfor meget sv\u00e6rt at fastsl\u00e5, hvor mange behandlinger den enkelte har behov for. Derfor har vi l\u00f8bende en dialog om hvordan det g\u00e5r med dig \u00a0og om du og vi har opn\u00e5et den \u00f8nskede effekt med behandlingerne.<\/p>\n<p>I din f\u00f8rste konsultation hos os, bruges gerne lidt tid p\u00e5 at h\u00f8re din histore og unders\u00f8ge.<\/p>\n<p>&nbsp;<\/p>\n","protected":false},"excerpt":{"rendered":"<p>En behandling og et forl\u00f8b er meget individuelt, det er derfor meget sv\u00e6rt at fastsl\u00e5, hvor mange behandlinger den enkelte har behov for. Derfor har vi l\u00f8bende en dialog om &#8230;<\/p>\n","protected":false},"author":1,"featured_media":0,"parent":2,"menu_order":0,"comment_status":"closed","ping_status":"closed","template":"","meta":{"footnotes":""},"class_list":["post-89","page","type-page","status-publish","hentry"],"_links":{"self":[{"href":"https:\/\/fysioterapiholte.dk\/index.php?rest_route=\/wp\/v2\/pages\/89","targetHints":{"allow":["GET"]}}],"collection":[{"href":"https:\/\/fysioterapiholte.dk\/index.php?rest_route=\/wp\/v2\/pages"}],"about":[{"href":"https:\/\/fysioterapiholte.dk\/index.php?rest_route=\/wp\/v2\/types\/page"}],"author":[{"embeddable":true,"href":"https:\/\/fysioterapiholte.dk\/index.php?rest_route=\/wp\/v2\/users\/1"}],"replies":[{"embeddable":true,"href":"https:\/\/fysioterapiholte.dk\/index.php?rest_route=%2Fwp%2Fv2%2Fcomments&post=89"}],"version-history":[{"count":3,"href":"https:\/\/fysioterapiholte.dk\/index.php?rest_route=\/wp\/v2\/pages\/89\/revisions"}],"predecessor-version":[{"id":291,"href":"https:\/\/fysioterapiholte.dk\/index.php?rest_route=\/wp\/v2\/pages\/89\/revisions\/291"}],"up":[{"embeddable":true,"href":"https:\/\/fysioterapiholte.dk\/index.php?rest_route=\/wp\/v2\/pages\/2"}],"wp:attachment":[{"href":"https:\/\/fysioterapiholte.dk\/index.php?rest_route=%2Fwp%2Fv2%2Fmedia&parent=89"}],"curies":[{"name":"wp","href":"https:\/\/api.w.org\/{rel}","templated":true}]}}